{"id":1672,"date":"2020-09-25T09:12:00","date_gmt":"2020-09-25T09:12:00","guid":{"rendered":"https:\/\/associationdesdoyondamerique.org\/?page_id=1672"},"modified":"2020-10-12T06:19:51","modified_gmt":"2020-10-12T06:19:51","slug":"prix-honorifiques","status":"publish","type":"page","link":"https:\/\/associationdesdoyondamerique.org\/en\/prix-honorifiques\/","title":{"rendered":"Honorary Awards"},"content":{"rendered":"<p>[et_pb_section fb_built=&#8221;1&#8243; fullwidth=&#8221;on&#8221; _builder_version=&#8221;4.3.2&#8243; use_background_color_gradient=&#8221;on&#8221; background_color_gradient_start=&#8221;#02a98f&#8221; background_color_gradient_end=&#8221;#f53b3c&#8221; background_color_gradient_type=&#8221;radial&#8221; background_enable_image=&#8221;off&#8221; background_size=&#8221;contain&#8221; background_repeat=&#8221;repeat&#8221; locked=&#8221;off&#8221;][et_pb_fullwidth_header title=&#8221;HONORARY MEMBERS&#8221; admin_label=&#8221;Honorary Members&#8221; _builder_version=&#8221;4.3.2&#8243; title_text_align=&#8221;center&#8221; title_text_color=&#8221;#f9d213&#8243; title_font_size=&#8221;60px&#8221; background_enable_color=&#8221;off&#8221; custom_padding=&#8221;100px||100px||false|false&#8221; hover_enabled=&#8221;0&#8243;][\/et_pb_fullwidth_header][\/et_pb_section][et_pb_section fb_built=&#8221;1&#8243; _builder_version=&#8221;4.3.2&#8243;][et_pb_row column_structure=&#8221;3_4,1_4&#8243; _builder_version=&#8221;4.3.2&#8243;][et_pb_column type=&#8221;3_4&#8243; _builder_version=&#8221;4.3.2&#8243;][et_pb_text _builder_version=&#8221;4.3.2&#8243; hover_enabled=&#8221;0&#8243;]<\/p>\n<p style=\"text-align: center;\"><span style=\"font-size: 14pt; font-family: helvetica, arial, sans-serif;\">SUPPORTING MEMBER<\/span><\/p>\n<p><span style=\"font-family: helvetica, arial, sans-serif; font-size: 14pt;\">Any person having made a bequest or having made an exceptional financial contribution to the association.<\/span><\/p>\n<p>[\/et_pb_text][et_pb_divider _builder_version=&#8221;4.3.2&#8243;][\/et_pb_divider][\/et_pb_column][et_pb_column type=&#8221;1_4&#8243; _builder_version=&#8221;4.3.2&#8243;][\/et_pb_column][\/et_pb_row][et_pb_row column_structure=&#8221;2_3,1_3&#8243; _builder_version=&#8221;4.3.2&#8243;][et_pb_column type=&#8221;2_3&#8243; _builder_version=&#8221;4.3.2&#8243;][et_pb_text admin_label=&#8221;Prix honorifiques &#8211; Texte&#8221; _builder_version=&#8221;4.3.2&#8243; header_3_font_size=&#8221;30px&#8221; header_3_line_height=&#8221;40px&#8221; hover_enabled=&#8221;0&#8243;]<\/p>\n<p><strong><span style=\"font-family: helvetica, arial, sans-serif; font-size: 14pt;\">The Doyons\u00a0 of America Association presents honorary awards at its annual gathering. These awards are as follows:<\/span><\/strong><\/p>\n<p><span style=\"font-family: helvetica, arial, sans-serif; font-size: 14pt;\">PERSONALITY OF THE YEAR<\/span><\/p>\n<p><span style=\"font-family: helvetica, arial, sans-serif; font-size: 14pt;\">This award is given to the Doyon who has stood out the most during the year, whether in business, sports, culture or social activities.<\/span><\/p>\n<p><span style=\"font-family: helvetica, arial, sans-serif; font-size: 14pt;\">HONORARY MEMBER<\/span><\/p>\n<p><span style=\"font-family: helvetica, arial, sans-serif; font-size: 14pt;\">This award is given to the Doyon who has shown the greatest dedication to the Association.<\/span><\/p>\n<p>[\/et_pb_text][et_pb_divider show_divider=&#8221;off&#8221; _builder_version=&#8221;4.3.2&#8243;][\/et_pb_divider][et_pb_text admin_label=&#8221;Attribution &#8211; Texte&#8221; _builder_version=&#8221;4.3.2&#8243; header_3_font_size=&#8221;30px&#8221; header_3_line_height=&#8221;40px&#8221; hover_enabled=&#8221;0&#8243;]<\/p>\n<h1 style=\"text-align: center;\">QUALIFICATION AND ATTRIBUTORSHIP<\/h1>\n<p>[\/et_pb_text][et_pb_text admin_label=&#8221;Attribution &#8211; Texte&#8221; _builder_version=&#8221;4.3.2&#8243; header_3_font_size=&#8221;30px&#8221; header_3_line_height=&#8221;40px&#8221; hover_enabled=&#8221;0&#8243;]<\/p>\n<p><span style=\"font-family: helvetica, arial, sans-serif; font-size: 14pt;\">For the Personality of the Year and Honorary Membership awards, the association calls for the participation of all its members. It is highly desirable that members make suggestions by writing to us and justifying their choice. All proposals will then be submitted to a committee of the association which will submit its recommendations to the Board of Directors, which will make the final decision.<\/span><\/p>\n<p><span style=\"font-family: helvetica, arial, sans-serif; font-size: 14pt;\">We therefore invite all members to send us, before June 1st of each year, their proposal and attach a text justifying this choice, a curriculum vitae and a photo of their candidate.<\/span><\/p>\n<p>[\/et_pb_text][\/et_pb_column][et_pb_column type=&#8221;1_3&#8243; _builder_version=&#8221;4.3.2&#8243;][et_pb_image src=&#8221;https:\/\/associationdesdoyondamerique.org\/wp-content\/uploads\/2020\/02\/logo-doyon-Transparent.png&#8221; align=&#8221;right&#8221; _builder_version=&#8221;4.3.2&#8243;][\/et_pb_image][et_pb_button button_text=&#8221;BECOME A MEMBER!&#8221; button_alignment=&#8221;center&#8221; _builder_version=&#8221;4.3.2&#8243; custom_button=&#8221;on&#8221; button_text_size=&#8221;20px&#8221;][\/et_pb_button][\/et_pb_column][\/et_pb_row][\/et_pb_section]<\/p>\n","protected":false},"excerpt":{"rendered":"<p>SUPPORTING MEMBER Any person having made a bequest or having made an exceptional financial contribution to the association.The Doyons\u00a0 of America Association presents honorary awards at its annual gathering. These awards are as follows: PERSONALITY OF THE YEAR This award is given to the Doyon who has stood out the most during the year, whether [&hellip;]<\/p>\n","protected":false},"author":2,"featured_media":0,"parent":0,"menu_order":0,"comment_status":"closed","ping_status":"closed","template":"","meta":{"_acf_changed":false,"_et_pb_use_builder":"on","_et_pb_old_content":"<p>[et_pb_section fb_built=\"1\" fullwidth=\"on\" _builder_version=\"4.3.2\" use_background_color_gradient=\"on\" background_color_gradient_start=\"#02a98f\" background_color_gradient_end=\"#f53b3c\" background_color_gradient_type=\"radial\" background_enable_image=\"off\" background_size=\"contain\" background_repeat=\"repeat\" locked=\"off\"][et_pb_fullwidth_header title=\"MEMBRES HONORIFIQUES\" admin_label=\"MEMBRES HONORIFIQUES\" _builder_version=\"4.3.2\" title_text_align=\"center\" title_text_color=\"#f9d213\" title_font_size=\"60px\" background_enable_color=\"off\" custom_padding=\"100px||100px||false|false\"][\/et_pb_fullwidth_header][\/et_pb_section][et_pb_section fb_built=\"1\" _builder_version=\"4.3.2\"][et_pb_row column_structure=\"3_4,1_4\" _builder_version=\"4.3.2\"][et_pb_column type=\"3_4\" _builder_version=\"4.3.2\"][et_pb_text _builder_version=\"4.3.2\" hover_enabled=\"0\"]<\/p><p style=\"text-align: center;\"><span style=\"font-family: helvetica, arial, sans-serif; font-size: 14pt;\">MEMBRE BIENFAITEUR<\/span><\/p><p><span style=\"font-size: 14pt; font-family: helvetica, arial, sans-serif;\">Toute personne ayant fait un leg ou ayant apport\u00e9 une contribution financi\u00e8re exceptionnelle \u00e0 l'association.<\/span><\/p><p>[\/et_pb_text][et_pb_divider _builder_version=\"4.3.2\"][\/et_pb_divider][\/et_pb_column][et_pb_column type=\"1_4\" _builder_version=\"4.3.2\"][\/et_pb_column][\/et_pb_row][et_pb_row column_structure=\"2_3,1_3\" _builder_version=\"4.3.2\"][et_pb_column type=\"2_3\" _builder_version=\"4.3.2\"][et_pb_text admin_label=\"Prix honorifiques - Texte\" _builder_version=\"4.3.2\" header_3_font_size=\"30px\" header_3_line_height=\"40px\" hover_enabled=\"0\"]<\/p><p><strong><span style=\"font-family: helvetica, arial, sans-serif; font-size: 14pt;\">L\u2019Association des Doyon d\u2019Am\u00e9rique d\u00e9cerne des prix honorifiques lors de son rassemblement annuel. Ces prix sont les suivants :<\/span><\/strong><\/p><p style=\"text-align: center;\"><span style=\"font-family: helvetica, arial, sans-serif; font-size: 14pt;\"><br \/>PERSONNALIT\u00c9 DE L'ANN\u00c9E<\/span><\/p><p><span style=\"font-family: helvetica, arial, sans-serif; font-size: 14pt;\">Ce prix est accord\u00e9 au Doyon qui s'est fait le plus remarquer pendant l'ann\u00e9e et ce, que ce soit au plan des affaires, du sport, de la culture ou au plan social, etc.<\/span><\/p><p style=\"text-align: center;\"><span style=\"font-family: helvetica, arial, sans-serif; font-size: 14pt;\"><br \/>MEMBRE HONORAIRE<\/span><\/p><p><span style=\"font-family: helvetica, arial, sans-serif; font-size: 14pt;\">Ce prix est accord\u00e9 au Doyon qui s'est le plus d\u00e9vou\u00e9 pour l\u2019Association.<\/span><\/p><p>[\/et_pb_text][et_pb_divider show_divider=\"off\" _builder_version=\"4.3.2\"][\/et_pb_divider][et_pb_text admin_label=\"Attribution - Texte\" _builder_version=\"4.3.2\" header_3_font_size=\"30px\" header_3_line_height=\"40px\"]<\/p><h1 style=\"text-align: center;\">QUALIFICATION ET ATTRIBUTION<\/h1><p>[\/et_pb_text][et_pb_text admin_label=\"Attribution - Texte\" _builder_version=\"4.3.2\" header_3_font_size=\"30px\" header_3_line_height=\"40px\"]<\/p><p><span style=\"font-family: helvetica, arial, sans-serif; font-size: 14pt;\">Concernant les prix de personnalit\u00e9 de l\u2019ann\u00e9e et de membre honoraire, l\u2019association fait appel \u00e0 la participation de tous ses membres. Il est fort souhait\u00e9 que les membres nous fassent des suggestions en nous \u00e9crivant et en justifiant leur choix. Toutes les propositions seront alors soumises \u00e0 un comit\u00e9 de l\u2019association qui soumettra ses recommandations au conseil d\u2019administration, lequel prendra la d\u00e9cision finale.<\/span><\/p><p><span style=\"font-family: helvetica, arial, sans-serif; font-size: 14pt;\">Nous invitons donc tous les membres \u00e0 nous faire parvenir, avant le 1er juin de chaque ann\u00e9e, leur proposition et joindre un texte justifiant ce choix, un curriculum vitae et une photo de leur candidat ou candidate.<\/span><\/p><p>[\/et_pb_text][\/et_pb_column][et_pb_column type=\"1_3\" _builder_version=\"4.3.2\"][et_pb_image src=\"https:\/\/associationdesdoyondamerique.org\/wp-content\/uploads\/2020\/02\/logo-doyon-Transparent.png\" align=\"right\" _builder_version=\"4.3.2\"][\/et_pb_image][et_pb_button button_text=\"DEVENEZ MEMBRE !\" button_alignment=\"center\" _builder_version=\"4.3.2\" custom_button=\"on\" button_text_size=\"20px\"][\/et_pb_button][\/et_pb_column][\/et_pb_row][\/et_pb_section]<\/p>","_et_gb_content_width":"","footnotes":""},"class_list":["post-1672","page","type-page","status-publish","hentry"],"acf":[],"_links":{"self":[{"href":"https:\/\/associationdesdoyondamerique.org\/en\/wp-json\/wp\/v2\/pages\/1672"}],"collection":[{"href":"https:\/\/associationdesdoyondamerique.org\/en\/wp-json\/wp\/v2\/pages"}],"about":[{"href":"https:\/\/associationdesdoyondamerique.org\/en\/wp-json\/wp\/v2\/types\/page"}],"author":[{"embeddable":true,"href":"https:\/\/associationdesdoyondamerique.org\/en\/wp-json\/wp\/v2\/users\/2"}],"replies":[{"embeddable":true,"href":"https:\/\/associationdesdoyondamerique.org\/en\/wp-json\/wp\/v2\/comments?post=1672"}],"version-history":[{"count":5,"href":"https:\/\/associationdesdoyondamerique.org\/en\/wp-json\/wp\/v2\/pages\/1672\/revisions"}],"predecessor-version":[{"id":1933,"href":"https:\/\/associationdesdoyondamerique.org\/en\/wp-json\/wp\/v2\/pages\/1672\/revisions\/1933"}],"wp:attachment":[{"href":"https:\/\/associationdesdoyondamerique.org\/en\/wp-json\/wp\/v2\/media?parent=1672"}],"curies":[{"name":"wp","href":"https:\/\/api.w.org\/{rel}","templated":true}]}}