{"id":1669,"date":"2020-09-25T09:10:20","date_gmt":"2020-09-25T09:10:20","guid":{"rendered":"https:\/\/associationdesdoyondamerique.org\/?page_id=1669"},"modified":"2020-09-26T13:51:10","modified_gmt":"2020-09-26T13:51:10","slug":"objectifs","status":"publish","type":"page","link":"https:\/\/associationdesdoyondamerique.org\/en\/objectifs\/","title":{"rendered":"Objectives"},"content":{"rendered":"<p>[et_pb_section fb_built=&#8221;1&#8243; fullwidth=&#8221;on&#8221; _builder_version=&#8221;4.3.2&#8243; use_background_color_gradient=&#8221;on&#8221; background_color_gradient_start=&#8221;#02a98f&#8221; background_color_gradient_end=&#8221;#f53b3c&#8221; background_color_gradient_type=&#8221;radial&#8221; background_enable_image=&#8221;off&#8221;][et_pb_fullwidth_header title=&#8221;OBJECTIVES&#8221; admin_label=&#8221;OBJECTIVES&#8221; _builder_version=&#8221;4.3.2&#8243; title_text_align=&#8221;center&#8221; title_text_color=&#8221;#f9d213&#8243; title_font_size=&#8221;60px&#8221; background_enable_color=&#8221;off&#8221; custom_padding=&#8221;100px||100px||false|false&#8221;][\/et_pb_fullwidth_header][\/et_pb_section][et_pb_section fb_built=&#8221;1&#8243; _builder_version=&#8221;4.3.2&#8243;][et_pb_row column_structure=&#8221;2_3,1_3&#8243; _builder_version=&#8221;4.3.2&#8243;][et_pb_column type=&#8221;2_3&#8243; _builder_version=&#8221;4.3.2&#8243;][et_pb_text admin_label=&#8221;Texte &#8211; Objectifs&#8221; _builder_version=&#8221;4.3.2&#8243;]<\/p>\n<p><span style=\"font-family: helvetica, arial, sans-serif; font-size: 14pt;\">To group together all the direct descendants or descendants by marriage of the ancestor Jean Doyon.<\/span><\/p>\n<p><span style=\"font-family: helvetica, arial, sans-serif; font-size: 14pt;\">Organize or hold conferences or meetings aimed at stimulating genealogical research as well as developing and enriching the history of the Doyon family.<\/span><\/p>\n<p><span style=\"font-family: helvetica, arial, sans-serif; font-size: 14pt;\">To honor the memory of the elders through the dissemination of the genealogy and history of the Doyon family.<\/span><\/p>\n<p><span style=\"font-family: helvetica, arial, sans-serif; font-size: 14pt;\">To preserve the family heritage and encourage each Doyon to discover his or her family roots.<\/span><\/p>\n<p><span style=\"font-family: helvetica, arial, sans-serif; font-size: 14pt;\">Organize annual and large national gatherings.<\/span><\/p>\n<p><span style=\"font-family: helvetica, arial, sans-serif; font-size: 14pt;\">To conceive and distribute three newsletters per year, under the name &#8220;L&#8217;Envol\u00e9e des Doyon&#8221;, other publications, as well as promotional products.<\/span><\/p>\n<p><span style=\"font-family: helvetica, arial, sans-serif; font-size: 14pt;\">Valorize the historical, social, economic and political contribution of the Doyon descendants.<\/span><\/p>\n<p><span style=\"font-family: helvetica, arial, sans-serif; font-size: 14pt;\">Develop and maintain the Doyon genealogy dictionary.<\/span><\/p>\n<p>[\/et_pb_text][\/et_pb_column][et_pb_column type=&#8221;1_3&#8243; _builder_version=&#8221;4.3.2&#8243;][et_pb_image src=&#8221;https:\/\/associationdesdoyondamerique.org\/wp-content\/uploads\/2020\/02\/logo-doyon-Transparent.png&#8221; align=&#8221;right&#8221; _builder_version=&#8221;4.3.2&#8243; background_enable_image=&#8221;off&#8221;][\/et_pb_image][\/et_pb_column][\/et_pb_row][\/et_pb_section]<\/p>\n","protected":false},"excerpt":{"rendered":"<p>To group together all the direct descendants or descendants by marriage of the ancestor Jean Doyon. Organize or hold conferences or meetings aimed at stimulating genealogical research as well as developing and enriching the history of the Doyon family. To honor the memory of the elders through the dissemination of the genealogy and history of [&hellip;]<\/p>\n","protected":false},"author":2,"featured_media":0,"parent":0,"menu_order":0,"comment_status":"closed","ping_status":"closed","template":"","meta":{"_acf_changed":false,"_et_pb_use_builder":"on","_et_pb_old_content":"<p>[et_pb_section fb_built=\"1\" fullwidth=\"on\" _builder_version=\"4.3.2\" use_background_color_gradient=\"on\" background_color_gradient_start=\"#02a98f\" background_color_gradient_end=\"#f53b3c\" background_color_gradient_type=\"radial\" background_enable_image=\"off\"][et_pb_fullwidth_header title=\"OBJECTIFS\" admin_label=\"Objectifs\" _builder_version=\"4.3.2\" title_text_align=\"center\" title_text_color=\"#f9d213\" title_font_size=\"60px\" background_enable_color=\"off\" custom_padding=\"100px||100px||false|false\"][\/et_pb_fullwidth_header][\/et_pb_section][et_pb_section fb_built=\"1\" _builder_version=\"4.3.2\"][et_pb_row column_structure=\"2_3,1_3\" _builder_version=\"4.3.2\"][et_pb_column type=\"2_3\" _builder_version=\"4.3.2\"][et_pb_text admin_label=\"Texte - Objectifs\" _builder_version=\"4.3.2\" hover_enabled=\"0\"]<\/p><p><span style=\"font-family: helvetica, arial, sans-serif; font-size: 14pt;\">Regrouper tous les descendants directs ou par alliance de l\u2019anc\u00eatre Jean Doyon.<\/span><\/p><p><span style=\"font-family: helvetica, arial, sans-serif; font-size: 14pt;\">Organiser ou tenir des conf\u00e9rences ou des r\u00e9unions visant \u00e0 stimuler la recherche g\u00e9n\u00e9alogique ainsi qu'\u00e0 d\u00e9velopper et enrichir l\u2019histoire de la famille Doyon.<\/span><\/p><p><span style=\"font-family: helvetica, arial, sans-serif; font-size: 14pt;\">Honorer la m\u00e9moire des anciens par la diffusion de la g\u00e9n\u00e9alogie et de l'histoire des Doyon.<\/span><\/p><p><span style=\"font-family: helvetica, arial, sans-serif; font-size: 14pt;\">Conserver le patrimoine familial et amener chaque Doyon \u00e0 d\u00e9couvrir ses racines familiales.<\/span><\/p><p><span style=\"font-family: helvetica, arial, sans-serif; font-size: 14pt;\">Organiser des rassemblements annuels et de grands rassemblements nationaux.<\/span><\/p><p><span style=\"font-family: helvetica, arial, sans-serif; font-size: 14pt;\">Concevoir et diffuser trois bulletins de liaison par ann\u00e9e, sous l'appellation \"L\u2019Envol\u00e9e des Doyon\", d\u2019autres publications, ainsi que des produits promotionnels.<\/span><\/p><p><span style=\"font-family: helvetica, arial, sans-serif; font-size: 14pt;\">Valoriser la contribution historique, sociale, \u00e9conomique et politique des descendants Doyon.<\/span><\/p><p><span style=\"font-family: helvetica, arial, sans-serif; font-size: 14pt;\">\u00c9laborer et tenir \u00e0 jour le dictionnaire des Doyon.<\/span><\/p><p>[\/et_pb_text][\/et_pb_column][et_pb_column type=\"1_3\" _builder_version=\"4.3.2\"][et_pb_image src=\"https:\/\/associationdesdoyondamerique.org\/wp-content\/uploads\/2020\/02\/logo-doyon-Transparent.png\" align=\"right\" _builder_version=\"4.3.2\" background_enable_image=\"off\"][\/et_pb_image][\/et_pb_column][\/et_pb_row][\/et_pb_section]<\/p>","_et_gb_content_width":"","footnotes":""},"class_list":["post-1669","page","type-page","status-publish","hentry"],"acf":[],"_links":{"self":[{"href":"https:\/\/associationdesdoyondamerique.org\/en\/wp-json\/wp\/v2\/pages\/1669"}],"collection":[{"href":"https:\/\/associationdesdoyondamerique.org\/en\/wp-json\/wp\/v2\/pages"}],"about":[{"href":"https:\/\/associationdesdoyondamerique.org\/en\/wp-json\/wp\/v2\/types\/page"}],"author":[{"embeddable":true,"href":"https:\/\/associationdesdoyondamerique.org\/en\/wp-json\/wp\/v2\/users\/2"}],"replies":[{"embeddable":true,"href":"https:\/\/associationdesdoyondamerique.org\/en\/wp-json\/wp\/v2\/comments?post=1669"}],"version-history":[{"count":5,"href":"https:\/\/associationdesdoyondamerique.org\/en\/wp-json\/wp\/v2\/pages\/1669\/revisions"}],"predecessor-version":[{"id":1788,"href":"https:\/\/associationdesdoyondamerique.org\/en\/wp-json\/wp\/v2\/pages\/1669\/revisions\/1788"}],"wp:attachment":[{"href":"https:\/\/associationdesdoyondamerique.org\/en\/wp-json\/wp\/v2\/media?parent=1669"}],"curies":[{"name":"wp","href":"https:\/\/api.w.org\/{rel}","templated":true}]}}