{"id":1664,"date":"2020-09-25T09:03:27","date_gmt":"2020-09-25T09:03:27","guid":{"rendered":"https:\/\/associationdesdoyondamerique.org\/?page_id=1664"},"modified":"2020-12-01T20:29:46","modified_gmt":"2020-12-01T20:29:46","slug":"membership","status":"publish","type":"page","link":"https:\/\/associationdesdoyondamerique.org\/en\/membership\/","title":{"rendered":"Membership"},"content":{"rendered":"<p>[et_pb_section fb_built=&#8221;1&#8243; fullwidth=&#8221;on&#8221; _builder_version=&#8221;4.3.2&#8243; use_background_color_gradient=&#8221;on&#8221; background_color_gradient_start=&#8221;#02a98f&#8221; background_color_gradient_end=&#8221;#f53b3c&#8221; background_color_gradient_type=&#8221;radial&#8221; background_enable_image=&#8221;off&#8221;][et_pb_fullwidth_header title=&#8221;MEMBERSHIP BENEFITS&#8221; admin_label=&#8221;MEMBERSHIP BENEFITS&#8221; _builder_version=&#8221;4.3.2&#8243; title_text_align=&#8221;center&#8221; title_text_color=&#8221;#f9d213&#8243; title_font_size=&#8221;60px&#8221; background_enable_color=&#8221;off&#8221; custom_padding=&#8221;100px||100px||false|false&#8221;][\/et_pb_fullwidth_header][\/et_pb_section][et_pb_section fb_built=&#8221;1&#8243; _builder_version=&#8221;4.3.2&#8243;][et_pb_row _builder_version=&#8221;4.3.2&#8243;][et_pb_column type=&#8221;4_4&#8243; _builder_version=&#8221;4.3.2&#8243;][et_pb_text admin_label=&#8221;Text &#8211; BENEFITS&#8221; _builder_version=&#8221;4.3.2&#8243; hover_enabled=&#8221;0&#8243;]<\/p>\n<p><span style=\"font-size: 14pt; font-family: helvetica, arial, sans-serif;\">Membership in the Association, in addition to fostering relationships among members, provides several benefits, including those listed below:<\/span><\/p>\n<ul>\n<li><span style=\"font-size: 14pt; font-family: helvetica, arial, sans-serif;\">Access to your personal family tree<\/span><\/li>\n<li><span style=\"font-size: 14pt; font-family: helvetica, arial, sans-serif;\">Access to past Envol\u00e9e des Doyon* newsletters<\/span><\/li>\n<li><span style=\"font-size: 14pt; font-family: helvetica, arial, sans-serif;\">Receipt via email of the digital version of the newsletter L&#8217;Envol\u00e9e des Doyon<\/span><\/li>\n<li><span style=\"font-size: 14pt; font-family: helvetica, arial, sans-serif;\">Participation in the activities of the Association at a reduced price<\/span><\/li>\n<li><span style=\"font-size: 14pt; font-family: helvetica, arial, sans-serif;\">Attendance and Voting Rights at the Annual General Meeting of Members<\/span><\/li>\n<li><span style=\"font-size: 14pt; font-family: helvetica, arial, sans-serif;\">Participation in the selection of honorary award recipients<\/span><\/li>\n<\/ul>\n<p><span style=\"font-size: 14pt; font-family: helvetica, arial, sans-serif;\">* Requires login via your email address<\/span><\/p>\n<p>[\/et_pb_text][et_pb_button button_text=&#8221;I wish to become a member, or offer a membership subscription as a gift&#8221; button_alignment=&#8221;center&#8221; _builder_version=&#8221;4.3.2&#8243; custom_button=&#8221;on&#8221; button_text_color=&#8221;#F1D114&#8243; button_bg_color=&#8221;#35A98F&#8221; button_border_color=&#8221;#000000&#8243; button_use_icon=&#8221;off&#8221; custom_padding=&#8221;5px|10px|5px|10px|true|true&#8221; hover_enabled=&#8221;0&#8243; locked=&#8221;off&#8221;][\/et_pb_button][\/et_pb_column][\/et_pb_row][\/et_pb_section]<\/p>\n","protected":false},"excerpt":{"rendered":"<p>Membership in the Association, in addition to fostering relationships among members, provides several benefits, including those listed below: Access to your personal family tree Access to past Envol\u00e9e des Doyon* newsletters Receipt via email of the digital version of the newsletter L&#8217;Envol\u00e9e des Doyon Participation in the activities of the Association at a reduced price [&hellip;]<\/p>\n","protected":false},"author":2,"featured_media":0,"parent":0,"menu_order":0,"comment_status":"closed","ping_status":"closed","template":"","meta":{"_acf_changed":false,"_et_pb_use_builder":"on","_et_pb_old_content":"<p>[et_pb_section fb_built=\"1\" fullwidth=\"on\" _builder_version=\"4.3.2\" use_background_color_gradient=\"on\" background_color_gradient_start=\"#02a98f\" background_color_gradient_end=\"#f53b3c\" background_color_gradient_type=\"radial\" background_enable_image=\"off\"][et_pb_fullwidth_header title=\"AVANTAGES DE L' ADH\u00c9SION\" admin_label=\"AVANTAGES DE L'ADH\u00c9SION\" _builder_version=\"4.3.2\" title_text_align=\"center\" title_text_color=\"#f9d213\" title_font_size=\"60px\" background_enable_color=\"off\" custom_padding=\"100px||100px||false|false\"][\/et_pb_fullwidth_header][\/et_pb_section][et_pb_section fb_built=\"1\" _builder_version=\"4.3.2\"][et_pb_row column_structure=\"2_3,1_3\" _builder_version=\"4.3.2\"][et_pb_column type=\"2_3\" _builder_version=\"4.3.2\"][et_pb_text admin_label=\"Texte - Avantages\" _builder_version=\"4.3.2\" hover_enabled=\"0\"]<\/p><p><span style=\"font-size: 14pt; font-family: helvetica, arial, sans-serif;\">L'adh\u00e9sion \u00e0 l'Association, outre favoriser les relations entre les membres, fournit plusieurs avantages, dont ceux \u00e9num\u00e9r\u00e9s ci-dessous :<\/span><\/p><ul><li><span style=\"font-family: helvetica, arial, sans-serif; font-size: 14pt;\">Acc\u00e8s \u00e0 votre arbre g\u00e9n\u00e9alogique personnel<\/span><\/li><li><span style=\"font-size: 14pt; font-family: helvetica, arial, sans-serif;\">Acc\u00e8s aux bulletins pass\u00e9s de l'Envol\u00e9e des Doyon*<\/span><\/li><li><span style=\"font-family: helvetica, arial, sans-serif; font-size: 14pt;\">R\u00e9ception de la version papier du bulletin L'Envol\u00e9e des Doyon<\/span><\/li><li><span style=\"font-size: 14pt; font-family: helvetica, arial, sans-serif;\">R\u00e9ception via courriel de la version num\u00e9rique du bulletin L'Envol\u00e9e des Doyon<\/span><\/li><li><span style=\"font-size: 14pt; font-family: helvetica, arial, sans-serif;\">Participation aux activit\u00e9s de l'Association \u00e0 un prix r\u00e9duit<\/span><\/li><li><span style=\"font-size: 14pt; font-family: helvetica, arial, sans-serif;\">Participation et droit de vote lors de l'assembl\u00e9e g\u00e9n\u00e9rale annuelle des membres<\/span><\/li><li><span style=\"font-size: 14pt; font-family: helvetica, arial, sans-serif;\">Participation au choix des r\u00e9cipiendaires de prix honorifiques<\/span><\/li><\/ul><p><span style=\"font-size: 14pt; font-family: helvetica, arial, sans-serif;\">* N\u00e9cessite la connexion via votre adresse courriel<\/span><\/p><p>[\/et_pb_text][et_pb_wc_related_products columns_number=\"2\" _builder_version=\"4.3.2\"][\/et_pb_wc_related_products][et_pb_code _builder_version=\"4.3.2\"][product_category=\"membership\"][\/et_pb_code][\/et_pb_column][et_pb_column type=\"1_3\" _builder_version=\"4.3.2\"][et_pb_text _builder_version=\"4.3.2\"]<\/p><p style=\"text-align: center;\"><span style=\"font-family: helvetica, arial, sans-serif; font-size: 14pt;\">Merci d'adh\u00e9rer !<\/span><\/p><p>[\/et_pb_text][et_pb_code _builder_version=\"4.3.2\"][contact-form-7 id=\"962\" title=\"Formulaire d'adh\u00e9sion\"][\/et_pb_code][\/et_pb_column][\/et_pb_row][\/et_pb_section]<\/p>","_et_gb_content_width":"","footnotes":""},"class_list":["post-1664","page","type-page","status-publish","hentry"],"acf":[],"_links":{"self":[{"href":"https:\/\/associationdesdoyondamerique.org\/en\/wp-json\/wp\/v2\/pages\/1664"}],"collection":[{"href":"https:\/\/associationdesdoyondamerique.org\/en\/wp-json\/wp\/v2\/pages"}],"about":[{"href":"https:\/\/associationdesdoyondamerique.org\/en\/wp-json\/wp\/v2\/types\/page"}],"author":[{"embeddable":true,"href":"https:\/\/associationdesdoyondamerique.org\/en\/wp-json\/wp\/v2\/users\/2"}],"replies":[{"embeddable":true,"href":"https:\/\/associationdesdoyondamerique.org\/en\/wp-json\/wp\/v2\/comments?post=1664"}],"version-history":[{"count":6,"href":"https:\/\/associationdesdoyondamerique.org\/en\/wp-json\/wp\/v2\/pages\/1664\/revisions"}],"predecessor-version":[{"id":2038,"href":"https:\/\/associationdesdoyondamerique.org\/en\/wp-json\/wp\/v2\/pages\/1664\/revisions\/2038"}],"wp:attachment":[{"href":"https:\/\/associationdesdoyondamerique.org\/en\/wp-json\/wp\/v2\/media?parent=1664"}],"curies":[{"name":"wp","href":"https:\/\/api.w.org\/{rel}","templated":true}]}}