{"id":1661,"date":"2020-09-25T09:01:40","date_gmt":"2020-09-25T09:01:40","guid":{"rendered":"https:\/\/associationdesdoyondamerique.org\/?page_id=1661"},"modified":"2020-10-12T06:01:34","modified_gmt":"2020-10-12T06:01:34","slug":"lassociation-des-doyon-damerique","status":"publish","type":"page","link":"https:\/\/associationdesdoyondamerique.org\/en\/lassociation-des-doyon-damerique\/","title":{"rendered":"THE DOYONS OF AMERICA ASSOCIATION"},"content":{"rendered":"<p>[et_pb_section fb_built=&#8221;1&#8243; fullwidth=&#8221;on&#8221; _builder_version=&#8221;4.3.2&#8243; use_background_color_gradient=&#8221;on&#8221; background_color_gradient_start=&#8221;#02a98f&#8221; background_color_gradient_end=&#8221;#f53b3c&#8221; background_color_gradient_type=&#8221;radial&#8221; background_enable_image=&#8221;off&#8221; background_size=&#8221;contain&#8221; background_repeat=&#8221;repeat&#8221; locked=&#8221;off&#8221;][et_pb_fullwidth_header title=&#8221;THE DOYONS OF AMERICA ASSOCIATION&#8221; admin_label=&#8221;L&#8217;ASSOCIATION&#8221; _builder_version=&#8221;4.3.2&#8243; title_text_align=&#8221;center&#8221; title_text_color=&#8221;#f9d213&#8243; title_font_size=&#8221;60px&#8221; background_enable_color=&#8221;off&#8221; custom_padding=&#8221;100px||100px||false|false&#8221; hover_enabled=&#8221;0&#8243;][\/et_pb_fullwidth_header][\/et_pb_section][et_pb_section fb_built=&#8221;1&#8243; _builder_version=&#8221;4.3.2&#8243;][et_pb_row column_structure=&#8221;2_3,1_3&#8243; _builder_version=&#8221;4.3.2&#8243;][et_pb_column type=&#8221;2_3&#8243; _builder_version=&#8221;4.3.2&#8243;][et_pb_text admin_label=&#8221;L&#8217;association &#8211; Texte&#8221; _builder_version=&#8221;4.3.2&#8243; header_3_font_size=&#8221;30px&#8221; header_3_line_height=&#8221;40px&#8221; hover_enabled=&#8221;0&#8243;]<\/p>\n<p><span style=\"font-family: helvetica, arial, sans-serif; font-size: 14pt;\">The Doyons of America Association is a non-profit organization that was incorporated on August 19, 1992.<\/span><\/p>\n<p><span style=\"font-size: 14pt; font-family: helvetica, arial, sans-serif;\">The Association had its first major gathering at Saint-Joseph de Beauce in July 1992, to celebrate the 250th anniversary of the arrival of the first Doyon in Beauce, Jean-Baptiste Doyon and his family, on June 17, 1742. A commemorative plaque was erected and a memorial book entitled Un Bel H\u00e9ritage (A Beautiful Legacy) was also published.<\/span><\/p>\n<p><span style=\"font-size: 14pt; font-family: helvetica, arial, sans-serif;\">The second major Doyons Gathering was held in Ch\u00e2teau-Richer in August 1994, to mark the 350th anniversary of our ancestor in that town. A commemorative plaque was also unveiled to pay tribute to Jean Doyon, the sole ancestor of all of the Doyons of America.<\/span><\/p>\n<p><span style=\"font-size: 14pt; font-family: helvetica, arial, sans-serif;\">The Association has its coat of arms and is affiliated with the Quebec Families Associations Federation (FAFQ).<\/span><\/p>\n<p>[\/et_pb_text][\/et_pb_column][et_pb_column type=&#8221;1_3&#8243; _builder_version=&#8221;4.3.2&#8243;][et_pb_image src=&#8221;https:\/\/associationdesdoyondamerique.org\/wp-content\/uploads\/2020\/02\/logo-doyon-Transparent.png&#8221; align=&#8221;right&#8221; _builder_version=&#8221;4.3.2&#8243;][\/et_pb_image][et_pb_button button_text=&#8221;BECOME A MEMBER!&#8221; button_alignment=&#8221;center&#8221; _builder_version=&#8221;4.3.2&#8243; custom_button=&#8221;on&#8221; button_text_size=&#8221;20px&#8221;][\/et_pb_button][\/et_pb_column][\/et_pb_row][\/et_pb_section]<\/p>\n","protected":false},"excerpt":{"rendered":"<p>The Doyons of America Association is a non-profit organization that was incorporated on August 19, 1992. The Association had its first major gathering at Saint-Joseph de Beauce in July 1992, to celebrate the 250th anniversary of the arrival of the first Doyon in Beauce, Jean-Baptiste Doyon and his family, on June 17, 1742. A commemorative [&hellip;]<\/p>\n","protected":false},"author":1,"featured_media":0,"parent":0,"menu_order":0,"comment_status":"closed","ping_status":"closed","template":"","meta":{"_acf_changed":false,"_et_pb_use_builder":"on","_et_pb_old_content":"<p>[et_pb_section fb_built=\"1\" fullwidth=\"on\" _builder_version=\"4.3.2\" use_background_color_gradient=\"on\" background_color_gradient_start=\"#02a98f\" background_color_gradient_end=\"#f53b3c\" background_color_gradient_type=\"radial\" background_enable_image=\"off\" background_size=\"contain\" background_repeat=\"repeat\" locked=\"off\"][et_pb_fullwidth_header title=\"L'ASSOCIATION DES DOYON D'AM\u00c9RIQUE\" admin_label=\"L'ASSOCIATION\" _builder_version=\"4.3.2\" title_text_align=\"center\" title_text_color=\"#f9d213\" title_font_size=\"60px\" background_enable_color=\"off\" custom_padding=\"100px||100px||false|false\" hover_enabled=\"0\"][\/et_pb_fullwidth_header][\/et_pb_section][et_pb_section fb_built=\"1\" _builder_version=\"4.3.2\"][et_pb_row column_structure=\"2_3,1_3\" _builder_version=\"4.3.2\"][et_pb_column type=\"2_3\" _builder_version=\"4.3.2\"][et_pb_text admin_label=\"L'association - Texte\" _builder_version=\"4.3.2\" header_3_font_size=\"30px\" header_3_line_height=\"40px\" hover_enabled=\"0\"]<\/p><p><span style=\"font-family: helvetica, arial, sans-serif; font-size: 14pt;\">L\u2019Association des Doyon d'Am\u00e9rique est un organisme \u00e0 but non lucratif qui a \u00e9t\u00e9 constitu\u00e9e et incorpor\u00e9e le 19 ao\u00fbt 1992.<\/span><\/p><p><span style=\"font-size: 14pt;\">L\u2019Association a connu son premier grand Rassemblement \u00e0 Saint-Joseph de Beauce en juillet 1992, pour f\u00eater le 250e anniversaire de l\u2019arriv\u00e9e du premier Doyon en Beauce, soit Jean-Baptiste Doyon et sa famille, le 17 juin 1742. Une plaque comm\u00e9morative a \u00e9t\u00e9 \u00e9rig\u00e9e et un livre-souvenir intitul\u00e9 Un bel h\u00e9ritage a aussi \u00e9t\u00e9 publi\u00e9.<\/span><\/p><p><span style=\"font-size: 14pt;\">Le second grand Rassemblement des Doyon a eu lieu \u00e0 Ch\u00e2teau-Richer en ao\u00fbt 1994, pour marquer le 350e anniversaire de notre anc\u00eatre dans cette ville. Une plaque comm\u00e9morative a \u00e9galement \u00e9t\u00e9 d\u00e9voil\u00e9e pour rendre hommage \u00e0 Jean Doyon, l\u2019unique anc\u00eatre de tous les Doyon d\u2019Am\u00e9rique.<\/span><\/p><p><span style=\"font-size: 14pt;\">L\u2019Association poss\u00e8de ses armoiries et est affili\u00e9e \u00e0 la F\u00e9d\u00e9ration des associations de familles du Qu\u00e9bec (FAFQ).<\/span><\/p><p>[\/et_pb_text][\/et_pb_column][et_pb_column type=\"1_3\" _builder_version=\"4.3.2\"][et_pb_image src=\"https:\/\/associationdesdoyondamerique.org\/wp-content\/uploads\/2020\/02\/logo-doyon-Transparent.png\" align=\"right\" _builder_version=\"4.3.2\"][\/et_pb_image][et_pb_button button_text=\"DEVENEZ MEMBRE !\" button_alignment=\"center\" _builder_version=\"4.3.2\" custom_button=\"on\" button_text_size=\"20px\"][\/et_pb_button][\/et_pb_column][\/et_pb_row][\/et_pb_section]<\/p>","_et_gb_content_width":"","footnotes":""},"class_list":["post-1661","page","type-page","status-publish","hentry"],"acf":[],"_links":{"self":[{"href":"https:\/\/associationdesdoyondamerique.org\/en\/wp-json\/wp\/v2\/pages\/1661"}],"collection":[{"href":"https:\/\/associationdesdoyondamerique.org\/en\/wp-json\/wp\/v2\/pages"}],"about":[{"href":"https:\/\/associationdesdoyondamerique.org\/en\/wp-json\/wp\/v2\/types\/page"}],"author":[{"embeddable":true,"href":"https:\/\/associationdesdoyondamerique.org\/en\/wp-json\/wp\/v2\/users\/1"}],"replies":[{"embeddable":true,"href":"https:\/\/associationdesdoyondamerique.org\/en\/wp-json\/wp\/v2\/comments?post=1661"}],"version-history":[{"count":10,"href":"https:\/\/associationdesdoyondamerique.org\/en\/wp-json\/wp\/v2\/pages\/1661\/revisions"}],"predecessor-version":[{"id":1930,"href":"https:\/\/associationdesdoyondamerique.org\/en\/wp-json\/wp\/v2\/pages\/1661\/revisions\/1930"}],"wp:attachment":[{"href":"https:\/\/associationdesdoyondamerique.org\/en\/wp-json\/wp\/v2\/media?parent=1661"}],"curies":[{"name":"wp","href":"https:\/\/api.w.org\/{rel}","templated":true}]}}