{"id":1658,"date":"2020-09-25T08:58:44","date_gmt":"2020-09-25T08:58:44","guid":{"rendered":"https:\/\/associationdesdoyondamerique.org\/?page_id=1658"},"modified":"2020-10-12T06:35:20","modified_gmt":"2020-10-12T06:35:20","slug":"introduction","status":"publish","type":"page","link":"https:\/\/associationdesdoyondamerique.org\/en\/introduction\/","title":{"rendered":"Introduction"},"content":{"rendered":"<p>[et_pb_section fb_built=&#8221;1&#8243; fullwidth=&#8221;on&#8221; _builder_version=&#8221;4.3.2&#8243; use_background_color_gradient=&#8221;on&#8221; background_color_gradient_start=&#8221;#02a98f&#8221; background_color_gradient_end=&#8221;#f53b3c&#8221; background_color_gradient_type=&#8221;radial&#8221; background_enable_image=&#8221;off&#8221; background_size=&#8221;contain&#8221; background_repeat=&#8221;repeat&#8221; locked=&#8221;off&#8221;][et_pb_fullwidth_header title=&#8221;INTRODUCTION&#8221; admin_label=&#8221;MISE EN SITUATION &#8211; Titre&#8221; _builder_version=&#8221;4.3.2&#8243; title_text_align=&#8221;center&#8221; title_text_color=&#8221;#f9d213&#8243; title_font_size=&#8221;60px&#8221; background_enable_color=&#8221;off&#8221; custom_padding=&#8221;100px||100px||false|false&#8221; hover_enabled=&#8221;0&#8243;][\/et_pb_fullwidth_header][\/et_pb_section][et_pb_section fb_built=&#8221;1&#8243; _builder_version=&#8221;4.3.2&#8243;][et_pb_row column_structure=&#8221;2_3,1_3&#8243; _builder_version=&#8221;4.3.2&#8243;][et_pb_column type=&#8221;2_3&#8243; _builder_version=&#8221;4.3.2&#8243;][et_pb_text admin_label=&#8221;MISE EN SITUATION &#8211; Texte&#8221; _builder_version=&#8221;4.3.2&#8243; header_3_font_size=&#8221;30px&#8221; header_3_line_height=&#8221;40px&#8221;]<\/p>\n<p><span style=\"font-size: 14pt; font-family: helvetica, arial, sans-serif;\">The grandfather of our first ancestor, Jacques Doyon, would have married Antoinette Charland (or Chalrand), on February 3, 1579 (contract at Saint-Marcelin in Is\u00e8re, between Grenoble and Valence).<\/span><\/p>\n<p><span style=\"font-size: 14pt; font-family: helvetica, arial, sans-serif;\">In France, the original village of the Doyons is Saint-Hilaire-du-Rosier (south-eastern region of France, near the Vercors mountains). His son Jacques, father of our ancestor Jean Doyon, would have married, around 1615, Fran\u00e7oise Couturier (or Cousturier).<\/span><\/p>\n<p><span style=\"font-size: 14pt; font-family: helvetica, arial, sans-serif;\">All of the Doyons of America are descendants from the same ancestor, Jean Doyon. He would have left as a soldier for the siege of La Rochelle where, once the war was over, he would have settled near there, in the country of Aunis. (Source: Un bel h\u00e9ritage, p. 8 of Father Dominique&#8217;s section, written by Father Dominique Doyon)<\/span><\/p>\n<p><span style=\"font-size: 14pt; font-family: helvetica, arial, sans-serif;\">Jean was born in 1619 in P\u00e9rigny, France, in the Poitou-Charentes region.<\/span><\/p>\n<p><span style=\"font-size: 14pt; font-family: helvetica, arial, sans-serif;\">He arrived in Canada in 1644, at the age of 25, where he was a land-clearing and wood sawyer. In 1650, he settled in Ch\u00e2teau-Richer, became a farmer and married Marthe Gagnon, natural daughter of Mathurin Gagnon and Vincente Gauthier.<\/span><\/p>\n<p><span style=\"font-size: 14pt; font-family: helvetica, arial, sans-serif;\">From their union were born two girls and four boys: in order, Marie, Nicolas, Antoine, Madeleine, Louis and Thomas. Louis having drowned at the age of 19, the three surviving boys formed the first lineages of the Doyons of America.<\/span><\/p>\n<p>[\/et_pb_text][\/et_pb_column][et_pb_column type=&#8221;1_3&#8243; _builder_version=&#8221;4.3.2&#8243;][et_pb_image src=&#8221;https:\/\/associationdesdoyondamerique.org\/wp-content\/uploads\/2020\/02\/Doyon_Tree_Denise_Doyon_Transparent.png&#8221; url=&#8221;https:\/\/braidedbranches.net\/&#8221; align=&#8221;right&#8221; admin_label=&#8221;Arbre &#8211; Denise &#8211; Image&#8221; _builder_version=&#8221;4.3.2&#8243;][\/et_pb_image][et_pb_text _builder_version=&#8221;4.3.2&#8243;]<\/p>\n<p style=\"text-align: center;\"><span style=\"color: #339966; font-size: 14pt;\"><a style=\"color: #339966;\" href=\"https:\/\/braidedbranches.net\/\">Denise-Ann Doyon (South Carolina) Blog<\/a><\/span><\/p>\n<p>[\/et_pb_text][\/et_pb_column][\/et_pb_row][\/et_pb_section]<\/p>\n","protected":false},"excerpt":{"rendered":"<p>The grandfather of our first ancestor, Jacques Doyon, would have married Antoinette Charland (or Chalrand), on February 3, 1579 (contract at Saint-Marcelin in Is\u00e8re, between Grenoble and Valence). In France, the original village of the Doyons is Saint-Hilaire-du-Rosier (south-eastern region of France, near the Vercors mountains). His son Jacques, father of our ancestor Jean Doyon, [&hellip;]<\/p>\n","protected":false},"author":2,"featured_media":0,"parent":0,"menu_order":0,"comment_status":"closed","ping_status":"closed","template":"","meta":{"_acf_changed":false,"_et_pb_use_builder":"on","_et_pb_old_content":"<p>[et_pb_section fb_built=\"1\" fullwidth=\"on\" _builder_version=\"4.3.2\" use_background_color_gradient=\"on\" background_color_gradient_start=\"#02a98f\" background_color_gradient_end=\"#f53b3c\" background_color_gradient_type=\"radial\" background_enable_image=\"off\" background_size=\"contain\" background_repeat=\"repeat\" locked=\"off\"][et_pb_fullwidth_header title=\"MISE EN SITUATION\" admin_label=\"MISE EN SITUATION - Titre\" _builder_version=\"4.3.2\" title_text_align=\"center\" title_text_color=\"#f9d213\" title_font_size=\"60px\" background_enable_color=\"off\" custom_padding=\"100px||100px||false|false\" hover_enabled=\"0\"][\/et_pb_fullwidth_header][\/et_pb_section][et_pb_section fb_built=\"1\" _builder_version=\"4.3.2\"][et_pb_row column_structure=\"2_3,1_3\" _builder_version=\"4.3.2\"][et_pb_column type=\"2_3\" _builder_version=\"4.3.2\"][et_pb_text admin_label=\"MISE EN SITUATION - Texte\" _builder_version=\"4.3.2\" header_3_font_size=\"30px\" header_3_line_height=\"40px\" hover_enabled=\"0\"]<\/p><p><span style=\"font-size: 14pt; font-family: helvetica, arial, sans-serif;\">Le grand-p\u00e8re de notre premier anc\u00eatre, Jacques Doyon, se serait mari\u00e9 \u00e0\u00a0 Antoinette Charland (ou Chalrand), le 3 f\u00e9vrier 1579 (contrat \u00e0 Saint-Marcelin en Is\u00e8re, entre Grenoble et Valence).<\/span><\/p><p><span style=\"font-size: 14pt; font-family: helvetica, arial, sans-serif;\">En France, le village souche des Doyon est Saint-Hilaire-du-Rosier (r\u00e9gion sud-est de la France, pr\u00e8s des montagnes du Vercors). Son fils Jacques, p\u00e8re de notre anc\u00eatre Jean Doyon, se serait mari\u00e9, vers 1615, \u00e0 Fran\u00e7oise Couturier (ou Cousturier).<\/span><\/p><p><span style=\"font-size: 14pt; font-family: helvetica, arial, sans-serif;\">Tous les Doyon d\u2019Am\u00e9rique descendent du m\u00eame anc\u00eatre, Jean Doyon. Il serait parti comme soldat pour le si\u00e8ge de La Rochelle o\u00f9, une fois la guerre termin\u00e9e, il se serait \u00e9tabli pr\u00e8s de l\u00e0, au pays de l'Aunis. (Source : <em>Un bel h\u00e9ritage<\/em>, p. 8 de la section du P\u00e8re Dominique, \u00e9crit par le P\u00e8re Dominique Doyon)<\/span><\/p><p><span style=\"font-size: 14pt; font-family: helvetica, arial, sans-serif;\">Jean est n\u00e9 en 1619 \u00e0 P\u00e9rigny en France, dans la r\u00e9gion du Poitou-Charentes.<\/span><\/p><p><span style=\"font-size: 14pt; font-family: helvetica, arial, sans-serif;\">Il arrive au Canada en 1644, \u00e0 l\u2019\u00e2ge de 25 ans o\u00f9 il est d\u00e9fricheur et scieur de bois. En 1650, il s\u2019installe \u00e0 Ch\u00e2teau-Richer, devient agriculteur et \u00e9pouse Marthe Gagnon, fille naturelle de Mathurin Gagnon et de Vincente Gauthier.<\/span><\/p><p><span style=\"font-size: 14pt; font-family: helvetica, arial, sans-serif;\">De leur union naissent deux filles et quatre gar\u00e7ons : dans l\u2019ordre, Marie, Nicolas, Antoine, Madeleine, Louis et Thomas. Louis s\u2019\u00e9tant noy\u00e9 \u00e0 l\u2019\u00e2ge de 19 ans, ce sont les trois gar\u00e7ons survivants qui ont form\u00e9 les premi\u00e8res lign\u00e9es des Doyon d\u2019Am\u00e9rique.<\/span><\/p><p>[\/et_pb_text][\/et_pb_column][et_pb_column type=\"1_3\" _builder_version=\"4.3.2\"][et_pb_image src=\"https:\/\/associationdesdoyondamerique.org\/wp-content\/uploads\/2020\/02\/Doyon_Tree_Denise_Doyon_Transparent.png\" url=\"https:\/\/braidedbranches.net\/\" align=\"right\" _builder_version=\"4.3.2\" hover_enabled=\"0\" admin_label=\"Arbre - Denise - Image\"][\/et_pb_image][\/et_pb_column][\/et_pb_row][\/et_pb_section]<\/p>","_et_gb_content_width":"","footnotes":""},"class_list":["post-1658","page","type-page","status-publish","hentry"],"acf":[],"_links":{"self":[{"href":"https:\/\/associationdesdoyondamerique.org\/en\/wp-json\/wp\/v2\/pages\/1658"}],"collection":[{"href":"https:\/\/associationdesdoyondamerique.org\/en\/wp-json\/wp\/v2\/pages"}],"about":[{"href":"https:\/\/associationdesdoyondamerique.org\/en\/wp-json\/wp\/v2\/types\/page"}],"author":[{"embeddable":true,"href":"https:\/\/associationdesdoyondamerique.org\/en\/wp-json\/wp\/v2\/users\/2"}],"replies":[{"embeddable":true,"href":"https:\/\/associationdesdoyondamerique.org\/en\/wp-json\/wp\/v2\/comments?post=1658"}],"version-history":[{"count":7,"href":"https:\/\/associationdesdoyondamerique.org\/en\/wp-json\/wp\/v2\/pages\/1658\/revisions"}],"predecessor-version":[{"id":1941,"href":"https:\/\/associationdesdoyondamerique.org\/en\/wp-json\/wp\/v2\/pages\/1658\/revisions\/1941"}],"wp:attachment":[{"href":"https:\/\/associationdesdoyondamerique.org\/en\/wp-json\/wp\/v2\/media?parent=1658"}],"curies":[{"name":"wp","href":"https:\/\/api.w.org\/{rel}","templated":true}]}}