{"id":1645,"date":"2020-09-25T08:47:09","date_gmt":"2020-09-25T08:47:09","guid":{"rendered":"https:\/\/associationdesdoyondamerique.org\/?page_id=1645"},"modified":"2020-09-26T12:13:54","modified_gmt":"2020-09-26T12:13:54","slug":"bulletins-fafq","status":"publish","type":"page","link":"https:\/\/associationdesdoyondamerique.org\/en\/bulletins-fafq\/","title":{"rendered":"Bulletins &#8211; FAFQ"},"content":{"rendered":"<p>[et_pb_section fb_built=&#8221;1&#8243; fullwidth=&#8221;on&#8221; _builder_version=&#8221;4.3.2&#8243; use_background_color_gradient=&#8221;on&#8221; background_color_gradient_start=&#8221;#02a98f&#8221; background_color_gradient_end=&#8221;#f53b3c&#8221; background_color_gradient_type=&#8221;radial&#8221; background_enable_image=&#8221;off&#8221; background_size=&#8221;contain&#8221; background_repeat=&#8221;repeat&#8221; locked=&#8221;off&#8221;][et_pb_fullwidth_header title=&#8221;BULLETINS &#038; NEWSLETTERS&#8221; subhead=&#8221;(FAFQ Bulletins Available in French Only)&#8221; admin_label=&#8221;BULLETINS &#038; NEWSLETTERS&#8221; _builder_version=&#8221;4.3.2&#8243; title_text_align=&#8221;center&#8221; title_text_color=&#8221;#f9d213&#8243; title_font_size=&#8221;60px&#8221; subhead_text_align=&#8221;center&#8221; background_enable_color=&#8221;off&#8221; custom_padding=&#8221;100px||100px||false|false&#8221;][\/et_pb_fullwidth_header][\/et_pb_section][et_pb_section fb_built=&#8221;1&#8243; admin_label=&#8221;BULLETINS&#8221; _builder_version=&#8221;4.3.2&#8243;][et_pb_row column_structure=&#8221;2_3,1_3&#8243; _builder_version=&#8221;4.3.2&#8243;][et_pb_column type=&#8221;2_3&#8243; _builder_version=&#8221;4.3.2&#8243;][et_pb_text admin_label=&#8221;Bulletins&#8221; _builder_version=&#8221;4.3.2&#8243; header_3_font_size=&#8221;30px&#8221; header_3_line_height=&#8221;40px&#8221;]<\/p>\n<h1 style=\"text-align: center;\"><span style=\"font-size: 24pt; font-family: helvetica, arial, sans-serif;\">FAFQ BULLETINS<\/span><\/h1>\n<p>[\/et_pb_text][et_pb_text admin_label=&#8221;FAFQ &#8211; Texte&#8221; _builder_version=&#8221;4.3.2&#8243; header_3_font_size=&#8221;30px&#8221; header_3_line_height=&#8221;40px&#8221; hover_enabled=&#8221;0&#8243;]<\/p>\n<p><span style=\"font-family: helvetica, arial, sans-serif; font-size: 14pt;\">The F\u00e9d\u00e9ration des Associations de Familles du Qu\u00e9bec (FAFQ) is a non-profit organization whose mission is to bring together family associations into a federation in order to represent them and provide them with services.<\/span><\/p>\n<p><span style=\"font-family: helvetica, arial, sans-serif; font-size: 14pt;\">Nearly 150 family associations, more than 2\/3 of which are members of the Federation, reach more than 20,000 members in all regions of Quebec.<\/span><\/p>\n<p><span style=\"font-family: helvetica, arial, sans-serif; font-size: 14pt;\">Since 2018, the FAFQ has been publishing the monthly newsletter &#8220;Nouvelles de CHEZ NOUS&#8221;.\u00a0 Up and until 2017, it was published three or four times a year. You can access the former FAFQ bulletins, in French, by <a href=\"https:\/\/fafq.org\/anciens-numeros\">clicking here<\/a>.<\/span><\/p>\n<p><span style=\"font-family: helvetica, arial, sans-serif; font-size: 14pt;\">This electronic newsletter, which has become popular, presents articles of interest to members of family associations.\u00a0 We invite you to consult it on a regular basis by <a href=\"https:\/\/fafq.org\/anciens-numeros\">clicking here<\/a>.<\/span><\/p>\n<p><span style=\"font-family: helvetica, arial, sans-serif; font-size: 14pt;\">Examples of interesting articles:<\/span><\/p>\n<p><span style=\"font-family: helvetica, arial, sans-serif; font-size: 14pt;\">2019-10 pages 15 and 16<\/span><br \/><span style=\"font-family: helvetica, arial, sans-serif; font-size: 14pt;\">&#8220;September 22nd, a historic date&#8221;<\/span><br \/><span style=\"font-family: helvetica, arial, sans-serif; font-size: 14pt;\">Danielle Pinsonneault, President of Les Filles du Roy<\/span><\/p>\n<p><span style=\"font-family: helvetica, arial, sans-serif; font-size: 14pt;\">2019-09 pages 8 to 11 :<\/span><br \/><span style=\"font-family: helvetica, arial, sans-serif; font-size: 14pt;\">&#8220;\u00c9tienne Br\u00fbl\u00e9, the first Franco-Ontarian&#8221;<\/span><br \/><span style=\"font-family: helvetica, arial, sans-serif; font-size: 14pt;\">Yves Boisvert<\/span><\/p>\n<p><span style=\"font-family: helvetica, arial, sans-serif; font-size: 14pt;\">2019-07 pages 8 and 9<\/span><br \/><span style=\"font-family: helvetica, arial, sans-serif; font-size: 14pt;\">&#8220;History of the Chemin du Roy&#8221;<\/span><\/p>\n<p><span style=\"font-family: helvetica, arial, sans-serif; font-size: 14pt;\">Date last updated: January 7, 2020<\/span><\/p>\n<p>[\/et_pb_text][\/et_pb_column][et_pb_column type=&#8221;1_3&#8243; _builder_version=&#8221;4.3.2&#8243;][et_pb_image src=&#8221;https:\/\/associationdesdoyondamerique.org\/wp-content\/uploads\/2020\/02\/logo-doyon-Transparent.png&#8221; align=&#8221;right&#8221; _builder_version=&#8221;4.3.2&#8243;][\/et_pb_image][et_pb_button button_text=&#8221;BECOME A MEMBER!&#8221; button_alignment=&#8221;center&#8221; admin_label=&#8221;Become a member&#8221; _builder_version=&#8221;4.3.2&#8243; custom_button=&#8221;on&#8221; button_text_size=&#8221;20px&#8221;][\/et_pb_button][\/et_pb_column][\/et_pb_row][\/et_pb_section]<\/p>\n","protected":false},"excerpt":{"rendered":"<p>FAFQ BULLETINSThe F\u00e9d\u00e9ration des Associations de Familles du Qu\u00e9bec (FAFQ) is a non-profit organization whose mission is to bring together family associations into a federation in order to represent them and provide them with services. Nearly 150 family associations, more than 2\/3 of which are members of the Federation, reach more than 20,000 members in [&hellip;]<\/p>\n","protected":false},"author":2,"featured_media":0,"parent":0,"menu_order":0,"comment_status":"closed","ping_status":"closed","template":"","meta":{"_acf_changed":false,"_et_pb_use_builder":"on","_et_pb_old_content":"<p>[et_pb_section fb_built=\"1\" fullwidth=\"on\" _builder_version=\"4.3.2\" use_background_color_gradient=\"on\" background_color_gradient_start=\"#02a98f\" background_color_gradient_end=\"#f53b3c\" background_color_gradient_type=\"radial\" background_enable_image=\"off\" background_size=\"contain\" background_repeat=\"repeat\" locked=\"off\"][et_pb_fullwidth_header title=\"BULLETINS & INFOLETTRES\" admin_label=\"BULLETINS & INFOLETTRES\" _builder_version=\"4.3.2\" title_text_align=\"center\" title_text_color=\"#f9d213\" title_font_size=\"60px\" background_enable_color=\"off\" custom_padding=\"100px||100px||false|false\"][\/et_pb_fullwidth_header][\/et_pb_section][et_pb_section fb_built=\"1\" admin_label=\"BULLETINS\" _builder_version=\"4.3.2\"][et_pb_row column_structure=\"2_3,1_3\" _builder_version=\"4.3.2\"][et_pb_column type=\"2_3\" _builder_version=\"4.3.2\"][et_pb_text admin_label=\"Bulletins\" _builder_version=\"4.3.2\" header_3_font_size=\"30px\" header_3_line_height=\"40px\" hover_enabled=\"0\"]<\/p><h1 style=\"text-align: center;\"><span style=\"font-size: 24pt; font-family: helvetica, arial, sans-serif;\">BULLETINS DE LA FAFQ<\/span><\/h1><p>[\/et_pb_text][et_pb_text admin_label=\"FAFQ - Texte\" _builder_version=\"4.3.2\" header_3_font_size=\"30px\" header_3_line_height=\"40px\" hover_enabled=\"0\"]<\/p><p><span style=\"font-family: helvetica, arial, sans-serif; font-size: 14pt;\">La F\u00e9d\u00e9ration des associations de familles du Qu\u00e9bec (FAFQ) est un organisme sans but lucratif qui a comme mission de regrouper en f\u00e9d\u00e9ration les associations de familles afin de les repr\u00e9senter et de leur fournir des services.<\/span><\/p><p><span style=\"font-family: helvetica, arial, sans-serif; font-size: 14pt;\">Pr\u00e8s de 150 associations de familles, dont plus des 2\/3 sont membres de la F\u00e9d\u00e9ration, rejoignent plus de 20 000 membres diss\u00e9min\u00e9s dans toutes les r\u00e9gions du Qu\u00e9bec.<\/span><\/p><p><span style=\"font-family: helvetica, arial, sans-serif; font-size: 14pt;\">La FAFQ publie mensuellement, depuis 2018, le bulletin \"Nouvelles de CHEZ NOUS\".\u00a0 Jusqu\u2019en 2017 il \u00e9tait publi\u00e9 trois ou quatre fois par ann\u00e9e.Vous pouvez acc\u00e9der aux anciens bulletins de la FAFQ en <a href=\"https:\/\/fafq.org\/anciens-numeros\">cliquant ici<\/a>.<\/span><\/p><p><span style=\"font-family: helvetica, arial, sans-serif; font-size: 14pt;\">Ce bulletin \u00e9lectronique, devenu populaire, pr\u00e9sente des articles d\u2019int\u00e9r\u00eat pour les membres des associations de familles.\u00a0 <\/span><span style=\"font-family: helvetica, arial, sans-serif; font-size: 14pt;\">Nous vous invitons \u00e0 le consulter r\u00e9guli\u00e8rement.<\/span><span style=\"font-family: helvetica, arial, sans-serif; font-size: 14pt;\">Il est disponible en <a href=\"https:\/\/fafq.org\/anciens-numeros\">cliquant ici<\/a>.<\/span><\/p><p><span style=\"text-decoration: underline;\"><span style=\"font-family: helvetica, arial, sans-serif; font-size: 14pt;\">Exemples d\u2019articles int\u00e9ressants :<\/span><\/span><\/p><pre><span style=\"font-family: helvetica, arial, sans-serif; font-size: 14pt;\">2019-10 pages 15 et 16<\/span>\r\n<span style=\"font-family: helvetica, arial, sans-serif; font-size: 14pt;\">\u00abLa date du 22 septembre, une date historique\u00bb<\/span>\r\n<span style=\"font-family: helvetica, arial, sans-serif; font-size: 14pt;\">Danielle Pinsonneault, pr\u00e9sidente des Filles du Roy<\/span>\r\n\r\n<span style=\"font-family: helvetica, arial, sans-serif; font-size: 14pt;\">2019-09 pages 8 \u00e0 11 :<\/span>\r\n<span style=\"font-family: helvetica, arial, sans-serif; font-size: 14pt;\">\u00ab\u00c9tienne Br\u00fbl\u00e9, le premier Franco-Ontarien\u00bb<\/span>\r\n<span style=\"font-family: helvetica, arial, sans-serif; font-size: 14pt;\">Yves Boisvert<\/span>\r\n\r\n<span style=\"font-family: helvetica, arial, sans-serif; font-size: 14pt;\">2019-07 pages 8 et 9<\/span>\r\n<span style=\"font-family: helvetica, arial, sans-serif; font-size: 14pt;\">\u00abHistorique du Chemin du Roy\u00bb<\/span>\r\n<span style=\"font-family: helvetica, arial, sans-serif; font-size: 14pt;\">\r\nDate de derni\u00e8re mise \u00e0 jour : 7 janvier 2020<\/span><\/pre><p>[\/et_pb_text][\/et_pb_column][et_pb_column type=\"1_3\" _builder_version=\"4.3.2\"][et_pb_image src=\"https:\/\/associationdesdoyondamerique.org\/wp-content\/uploads\/2020\/02\/logo-doyon-Transparent.png\" align=\"right\" _builder_version=\"4.3.2\"][\/et_pb_image][et_pb_button button_text=\"DEVENEZ MEMBRE !\" button_alignment=\"center\" _builder_version=\"4.3.2\" custom_button=\"on\" button_text_size=\"20px\"][\/et_pb_button][\/et_pb_column][\/et_pb_row][\/et_pb_section]<\/p>","_et_gb_content_width":"","footnotes":""},"class_list":["post-1645","page","type-page","status-publish","hentry"],"acf":[],"_links":{"self":[{"href":"https:\/\/associationdesdoyondamerique.org\/en\/wp-json\/wp\/v2\/pages\/1645"}],"collection":[{"href":"https:\/\/associationdesdoyondamerique.org\/en\/wp-json\/wp\/v2\/pages"}],"about":[{"href":"https:\/\/associationdesdoyondamerique.org\/en\/wp-json\/wp\/v2\/types\/page"}],"author":[{"embeddable":true,"href":"https:\/\/associationdesdoyondamerique.org\/en\/wp-json\/wp\/v2\/users\/2"}],"replies":[{"embeddable":true,"href":"https:\/\/associationdesdoyondamerique.org\/en\/wp-json\/wp\/v2\/comments?post=1645"}],"version-history":[{"count":4,"href":"https:\/\/associationdesdoyondamerique.org\/en\/wp-json\/wp\/v2\/pages\/1645\/revisions"}],"predecessor-version":[{"id":1745,"href":"https:\/\/associationdesdoyondamerique.org\/en\/wp-json\/wp\/v2\/pages\/1645\/revisions\/1745"}],"wp:attachment":[{"href":"https:\/\/associationdesdoyondamerique.org\/en\/wp-json\/wp\/v2\/media?parent=1645"}],"curies":[{"name":"wp","href":"https:\/\/api.w.org\/{rel}","templated":true}]}}